{"id":20728,"date":"2018-03-22T11:28:15","date_gmt":"2018-03-22T10:28:15","guid":{"rendered":"https:\/\/stagingsorg2.perfekd.de\/rigid-wheelchairs\/"},"modified":"2024-03-21T09:08:00","modified_gmt":"2024-03-21T08:08:00","slug":"rigid-wheelchairs","status":"publish","type":"page","link":"https:\/\/devsorg.dev-master.de\/en\/rigid-wheelchairs\/","title":{"rendered":"Rigid wheelchairs"},"content":{"rendered":"<p>&nbsp;<\/p>\n<figure id=\"attachment_16993\" aria-describedby=\"caption-attachment-16993\" style=\"width: 300px\" class=\"wp-caption alignright\"><img fetchpriority=\"high\" decoding=\"async\" title=\"Rigid wheelchair Airon von SORG\" src=\"https:\/\/devsorg.dev-master.de\/wp-content\/uploads\/2021\/07\/2021-airon-schwarz-2407-vorne-schrag-links-e1650871113884.jpg\" alt=\"Adaptivrollstuhl f\u00fcr Jugendliche und Erwachsene\" width=\"300\" height=\"300\" \/><figcaption id=\"caption-attachment-16993\" class=\"wp-caption-text\">Aktivrollstuhl Airon mit offenem Rahmenkonzept (open frame)<\/figcaption><\/figure>\n<h2>Advantages of a rigid wheelchairs<\/h2>\n<p>Starrrahmenrollst\u00fchle haben dank ihres verschwei\u00dften oder fest verklebten Rahmens gegen\u00fcber Faltrollst\u00fchlen einen entscheidenden Vorteil. Die eingesetzte Kraft wirkt direkt auf die R\u00e4der und wird ohne gro\u00dfe Verluste in Bewegungsenergie umgesetzt. Gerade bei schwachen oder kraftreduzierten Anwendern ist das enorm wichtig. Bei Rahmen mit Faltmechanismus dagegen wird diese Energie von den verschiedenen Gelenkteilen des Rollstuhls zum Teil absorbiert. Es wird also weniger Muskelkraft in Bewegungsenergie umgewandelt. Gleichzeitig sind Starrrahmenst\u00fchle im Vergleich zu faltbaren Rollis deutlich leichter, weil bei ihnen der gewichtstr\u00e4chtige Faltmechanismus fehlt. All diese Merkmale sorgen f\u00fcr so hervorragende Fahreigenschaften, dass sich sogar schon die ganz Kleinen ab ca. 12 Monaten eigenst\u00e4ndig in ihrem Rollstuhl bewegen und ihre Umwelt entdecken k\u00f6nnen.<\/p>\n<h3>Rigid wheelchairs for children<\/h3>\n<p>Um die Kurven fegen, den anderen hinterher jagen und dahin kommen, wo auch die anderen Kinder sind. Einfach dabei sein. Teil einer Gemeinschaft. Also mitten drin, statt au\u00dfen vor. Das ist m\u00f6glich, wenn die fehlende Mobilit\u00e4t gut kompensiert wird. Besonders f\u00fcr mobilit\u00e4tseingeschr\u00e4nkte Kinder ist es wichtig, dass sie von Anfang an mit den anderen Kindern mithalten k\u00f6nnen. Dann erfahren sie, dass sie genauso wertvoll sind wie alle anderen Kinder auch. Das st\u00e4rkt ihr Selbstwertgef\u00fchl. Und es macht sie in ihrem kleinen Bereich schon fr\u00fchzeitig autonom. Denn es gibt viel zu entdecken. SORG hat mit den Kinderaktivrollst\u00fchlen <a target=\"\" rel=\"noopener\">Mio<\/a>, <a target=\"\" rel=\"noopener\">Mio Carbon<\/a> und <a target=\"\" rel=\"noopener\">Mio Move<\/a> ein Konzept f\u00fcr die Fr\u00fchversorgung entwickelt, damit mobilit\u00e4tseingeschr\u00e4nkte Kinder (immer abh\u00e4ngig vom jeweiligen Krankheitsbild) aktiv ihr Leben gestalten k\u00f6nnen.<\/p>\n<p>For this reason, every wheelchair in the Mio family, like all other SORG models, is custom-made to the individual needs of the user.<\/p>\n<h4>The Mio family<\/h4>\n<h5><a href=\"https:\/\/devsorg.dev-master.de\/?post_type=sorg_produkte&amp;p=4851\" target=\"_blank\" rel=\"noopener noreferrer\">Mio<\/a><\/h5>\n<figure id=\"attachment_15782\" aria-describedby=\"caption-attachment-15782\" style=\"width: 250px\" class=\"wp-caption alignright\"><a href=\"https:\/\/devsorg.dev-master.de\/wp-content\/uploads\/2018\/05\/mio-2018-stier-blau-rot_produktbild_gedreht-300x300.jpg\"><img decoding=\"async\" title=\"Kinderrollstuhl Mio - SORG\" src=\"https:\/\/devsorg.dev-master.de\/wp-content\/uploads\/2018\/05\/mio-2018-stier-blau-rot_produktbild_gedreht-300x300.jpg\" alt=\"Kinderrollstuhl Mio - SORG\" width=\"250\" height=\"250\" \/><\/a><figcaption id=\"caption-attachment-15782\" class=\"wp-caption-text\">Paediatric wheelchairs Mio<\/figcaption><\/figure>\n<p>The children\u2019s active wheelchair <a href=\"https:\/\/devsorg.dev-master.de\/?post_type=sorg_produkte&amp;p=4851\" target=\"_blank\" rel=\"noopener noreferrer\">Mio<\/a> is a lightweight rigid wheelchair for children from about 12 months, specially developed for early childhood education. Er kompensiert sehr gut ihre Einschr\u00e4nkung in Mobilit\u00e4t und Aktionsradius. Und er unterst\u00fctzt von Anfang an ihre physische Entwicklung, damit die kleinen Anwender eigenst\u00e4ndig ihre Welt erkunden k\u00f6nnen. Dank der innovativen Leichtbauweise, der Mitwachsfunktion, und seines formsch\u00f6nen und funktionalen Designs garantiert dieser Aktivrollstuhl die gr\u00f6\u00dftm\u00f6gliche Mobilit\u00e4t und Unterst\u00fctzung in der nat\u00fcrlichen Entwicklung seiner kleinen Anwender.<\/p>\n<h5 style=\"text-align: right;\"><a href=\"https:\/\/devsorg.dev-master.de\/?post_type=sorg_produkte&amp;p=4842\" target=\"_blank\" rel=\"noopener noreferrer\">Mio Carbon<\/a><\/h5>\n<figure id=\"attachment_6606\" aria-describedby=\"caption-attachment-6606\" style=\"width: 202px\" class=\"wp-caption alignleft\"><a href=\"https:\/\/devsorg.dev-master.de\/wp-content\/uploads\/2018\/05\/mio_v17_carbon-5.png\"><img decoding=\"async\" src=\"https:\/\/devsorg.dev-master.de\/wp-content\/uploads\/2018\/05\/mio_v17_carbon-5-242x300.png\" alt=\"Carbon wheelchair Mio Carbon\" width=\"202\" height=\"250\" \/><\/a><figcaption id=\"caption-attachment-6606\" class=\"wp-caption-text\">Carbon-Rollstuhl Mio Carbon<\/figcaption><\/figure>\n<p style=\"text-align: right;\">The ultra-light children\u2019s wheelchair <a href=\"https:\/\/devsorg.dev-master.de\/?post_type=sorg_produkte&amp;p=4842\" target=\"_blank\" rel=\"noopener noreferrer\">Mio Carbon<\/a> is a very small, agile wheelchair for children (seat width up to 30 cm). Sitzplatte, Muldenr\u00fccken, Aktivseitenteile und Fu\u00dfplatte sind aus ultraleichtem und hochstabilem Carbon. Deshalb ist <a href=\"https:\/\/devsorg.dev-master.de\/en\/products\/mio-carbon-design-2018\/\" target=\"_blank\" rel=\"noopener noreferrer\">Mio Carbon<\/a> ganz besonders f\u00fcr alle Kinder mit reduzierter Kraft und vermindertem Muskeltonus geeignet. Through its growable function <a href=\"https:\/\/devsorg.dev-master.de\/?post_type=sorg_produkte&amp;p=4842\" target=\"_blank\" rel=\"noopener noreferrer\">Mio Carbon<\/a> remains a long-standing and reliable companion in therapy and everyday life.<\/p>\n<p>&nbsp;<\/p>\n<h5><a href=\"https:\/\/devsorg.dev-master.de\/en\/products\/mio-move\/\" target=\"_blank\" rel=\"noopener noreferrer\">Mio Move<\/a><a href=\"https:\/\/devsorg.dev-master.de\/en\/products\/mio-move\/\" target=\"_blank\" rel=\"noopener noreferrer\"><img loading=\"lazy\" decoding=\"async\" src=\"https:\/\/devsorg.dev-master.de\/wp-content\/uploads\/2017\/04\/Mio_move_lilaweiss_6_01-250x250.jpg\" alt=\"\" width=\"250\" height=\"250\" \/><\/a><\/h5>\n<p>The tiltable children\u2019s wheelchair <a href=\"https:\/\/devsorg.dev-master.de\/en\/products\/mio-move\/\" target=\"_blank\" rel=\"noopener noreferrer\">Mio Move<\/a> is, as third in the league, by its tiltable-function the perfect combination of rehab buggy and active wheelchair. In <a href=\"https:\/\/devsorg.dev-master.de\/en\/products\/mio-move\/\" target=\"_blank\" rel=\"noopener noreferrer\">Mio Move<\/a>, the child can switch between active and passive phases at any time, without having to change the aid. A rehab buggy as an additional aid is therefore superfluous.<\/p>\n<figure id=\"attachment_6665\" aria-describedby=\"caption-attachment-6665\" style=\"width: 400px\" class=\"wp-caption alignleft\"><a href=\"https:\/\/devsorg.dev-master.de\/wp-content\/uploads\/2018\/05\/mio_stier_mio_retro.jpg\"><img loading=\"lazy\" decoding=\"async\" title=\"Retro and bull frames\" src=\"https:\/\/devsorg.dev-master.de\/wp-content\/uploads\/2018\/05\/mio_stier_mio_retro-300x194.jpg\" alt=\"Retro and bull frames\" width=\"400\" height=\"258\" \/><\/a><figcaption id=\"caption-attachment-6665\" class=\"wp-caption-text\">Retro- und Stierrahmen<\/figcaption><\/figure>\n<p>&nbsp;<\/p>\n<p style=\"text-align: right;\">Alle Mio-Varianten sind wahlweise in zwei unterschiedlichen Rahmenformen m\u00f6glich (Retro- oder der Stier-Form). Und alle Mio-Varianten sind wahlweise in zwei unterschiedlich starken Abduktionen lieferbar.<\/p>\n<p>&nbsp;<\/p>\n<h3>Rigid wheelchairs for adolescent and adults<\/h3>\n<h4>Airon<\/h4>\n<p><img loading=\"lazy\" decoding=\"async\" src=\"https:\/\/devsorg.dev-master.de\/wp-content\/uploads\/2021\/07\/2020-airon-weiss-blau-vorne-schrag-rechts-aktivrollstuhl-250x250.jpg\" alt=\"Adaptivrollstuhl Airon cremewei\u00df blau\" width=\"250\" height=\"250\" \/><br \/>\nAiron Aktivrollstuhl in cremewei\u00df und mit blauem Eloxalpaket Der <a>Airon <\/a>eignet sich hervorragend f\u00fcr Jugendliche und Erwachsene, bereits ab einer Sitzbreite von 32 cm.<br \/>\nThis makes it the perfect follow-up wheelchair for anyone who has outgrown their wheelchair or needs a new wheelchair and wants to continue to prioritize activity. Growing further&#8221; is also no problem for the Airon, because it can grow in seat width (+2 cm), seat depth (+3 cm) and back height (+5 cm) without additional parts. The Airon offers a wealth of equipment and setting options. This makes it a reliable partner in everyday life for a long time.<\/p>\n<h4>\u00a0<\/h4>\n<h4>Vector Family<\/h4>\n<p>Mit der Vector-Familie bieten wir eine weitere M\u00f6glichkeit der Rollstuhlversorgung im Starrrahmenbereich an, die vor allem f\u00fcr Jugendliche und Erwachsene ab einer Sitzbreite von 26 cm konzipiert wurde. Besonderes Merkmal der Vector-Familie ist die enorme Bandbreite an therapeutischen M\u00f6glichkeiten. Und: Jeder Vector kann jederzeit an m\u00f6gliche \u00c4nderungen im Krankheitsbild oder Therapieverlauf angepasst werden. Auch nachtr\u00e4glich.<\/p>\n<figure id=\"attachment_15144\" aria-describedby=\"caption-attachment-15144\" style=\"width: 250px\" class=\"wp-caption alignright\"><a href=\"https:\/\/devsorg.dev-master.de\/wp-content\/uploads\/2017\/04\/Vector_Vorschau-e1498635767958.jpg\"><img loading=\"lazy\" decoding=\"async\" src=\"https:\/\/devsorg.dev-master.de\/wp-content\/uploads\/2017\/04\/Vector_Vorschau-e1498635767958-300x300.jpg\" alt=\"Adaptivrollstuhl Aktivrollstuhl Vector f\u00fcr Kinder, Jugendliche und Erwachsene\" width=\"250\" height=\"250\" \/><\/a><figcaption id=\"caption-attachment-15144\" class=\"wp-caption-text\">Starrrahmenrollstuhl Vector<\/figcaption><\/figure>\n<p>&nbsp;<\/p>\n<h5><a href=\"https:\/\/devsorg.dev-master.de\/en\/products\/vector\/\" target=\"_blank\" rel=\"noopener noreferrer\">Vector<\/a><\/h5>\n<p>The <a href=\"https:\/\/devsorg.dev-master.de\/en\/products\/vector\/\" target=\"_blank\" rel=\"noopener noreferrer\">Vector<\/a> is the follow-up model for all those, who have outgrown their <a href=\"https:\/\/devsorg.dev-master.de\/en\/products\/mio-design-2018\/\" target=\"_blank\" rel=\"noopener noreferrer\">Mio<\/a> or their children\u2019s wheelchair. <a href=\"https:\/\/devsorg.dev-master.de\/en\/products\/vector\/\" target=\"_blank\" rel=\"noopener noreferrer\">Vector<\/a> is extremely versatile, variably applicable, shapely and exceptionally stable. All physiological parameters can be fine-tuned to the possibilities of the user.<\/p>\n<figure id=\"attachment_2453\" aria-describedby=\"caption-attachment-2453\" style=\"width: 250px\" class=\"wp-caption alignleft\"><a href=\"https:\/\/devsorg.dev-master.de\/wp-content\/uploads\/2017\/04\/Vector_BSA_Vorschau.jpg\"><img loading=\"lazy\" decoding=\"async\" src=\"https:\/\/devsorg.dev-master.de\/wp-content\/uploads\/2017\/04\/Vector_BSA_Vorschau-200x200.jpg\" alt=\"Adaptivrollstuhl \/ Aktivrollstuhl Vector BSA mit abnehmbaren Beinst\u00fctzen\" width=\"250\" height=\"250\" \/><\/a><figcaption id=\"caption-attachment-2453\" class=\"wp-caption-text\">Starrrahmenrollstuhl Vector BSA<\/figcaption><\/figure>\n<h5 style=\"text-align: right;\"><a href=\"https:\/\/devsorg.dev-master.de\/en\/products\/vector-bsa\/\" target=\"_blank\" rel=\"noopener noreferrer\">Vector BSA<\/a><\/h5>\n<p style=\"text-align: right;\"><a href=\"https:\/\/devsorg.dev-master.de\/en\/products\/vector-bsa\/\" target=\"_blank\" rel=\"noopener noreferrer\">Vector BSA<\/a> (BSA = BeinSt\u00fctzeAbschwenkbar) can be adjusted to the physiological possibilities of his user, just as finely as his brother of the same name, however, he offers an additional function of adaptation through the detachable leg support. This allows the user to approach much closer to the everyday things of life. The transfer into \/ out of the wheelchair can take place closer to the body and therefore can be handled by the user on his own. Or he can use the residual forces in his legs for tripping.<\/p>\n<p>&nbsp;<\/p>\n<h3>The rigid frame wheelchairs from SORG<\/h3>\n","protected":false},"excerpt":{"rendered":"<p>&nbsp; Advantages of a rigid wheelchairs Starrrahmenrollst\u00fchle haben dank ihres verschwei\u00dften oder fest verklebten Rahmens gegen\u00fcber Faltrollst\u00fchlen einen entscheidenden Vorteil. Die eingesetzte Kraft wirkt direkt auf die R\u00e4der und wird ohne gro\u00dfe Verluste in Bewegungsenergie umgesetzt. Gerade bei schwachen oder kraftreduzierten Anwendern ist das enorm wichtig. Bei Rahmen mit Faltmechanismus dagegen wird diese Energie von [&hellip;]<\/p>\n","protected":false},"author":7,"featured_media":29526,"parent":0,"menu_order":0,"comment_status":"closed","ping_status":"closed","template":"","meta":{"_acf_changed":false,"footnotes":""},"iststory":[],"class_list":["post-20728","page","type-page","status-publish","has-post-thumbnail","hentry"],"acf":[],"yoast_head":"<!-- This site is optimized with the Yoast SEO Premium plugin v27.2 (Yoast SEO v27.2) - https:\/\/yoast.com\/product\/yoast-seo-premium-wordpress\/ -->\n<title>Rigid wheelchairs for children, adolescents &amp; adults<\/title>\n<meta name=\"description\" content=\"Find the right wheelchair for your needs now \u2713 Rigid frame wheelchairs from SORG. Always individually adapted.\" \/>\n<meta name=\"robots\" content=\"noindex, follow, max-snippet:-1, max-image-preview:large, max-video-preview:-1\" \/>\n<meta property=\"og:locale\" content=\"en_US\" \/>\n<meta property=\"og:type\" content=\"article\" \/>\n<meta property=\"og:title\" content=\"Rigid wheelchairs\" \/>\n<meta property=\"og:description\" content=\"Find the right wheelchair for your needs now \u2713 Rigid frame wheelchairs from SORG. Always individually adapted.\" \/>\n<meta property=\"og:url\" content=\"https:\/\/devsorg.dev-master.de\/en\/rigid-wheelchairs\/\" \/>\n<meta property=\"og:site_name\" content=\"SORG Rollstuhltechnik\" \/>\n<meta property=\"article:publisher\" content=\"https:\/\/www.facebook.com\/sorgrollstuhltechnik\" \/>\n<meta property=\"article:modified_time\" content=\"2024-03-21T08:08:00+00:00\" \/>\n<meta property=\"og:image\" content=\"https:\/\/devsorg.dev-master.de\/wp-content\/uploads\/2021\/07\/Aktivrollstuhl-Airon-schwarz-1.webp\" \/>\n\t<meta property=\"og:image:width\" content=\"600\" \/>\n\t<meta property=\"og:image:height\" content=\"600\" \/>\n\t<meta property=\"og:image:type\" content=\"image\/webp\" \/>\n<meta name=\"twitter:label1\" content=\"Est. reading time\" \/>\n\t<meta name=\"twitter:data1\" content=\"14 minutes\" \/>\n<script type=\"application\/ld+json\" class=\"yoast-schema-graph\">{\"@context\":\"https:\/\/schema.org\",\"@graph\":[{\"@type\":\"WebPage\",\"@id\":\"https:\/\/devsorg.dev-master.de\/en\/rigid-wheelchairs\/\",\"url\":\"https:\/\/devsorg.dev-master.de\/en\/rigid-wheelchairs\/\",\"name\":\"Rigid wheelchairs for children, adolescents & adults\",\"isPartOf\":{\"@id\":\"https:\/\/devsorg.dev-master.de\/en\/#website\"},\"primaryImageOfPage\":{\"@id\":\"https:\/\/devsorg.dev-master.de\/en\/rigid-wheelchairs\/#primaryimage\"},\"image\":{\"@id\":\"https:\/\/devsorg.dev-master.de\/en\/rigid-wheelchairs\/#primaryimage\"},\"thumbnailUrl\":\"https:\/\/devsorg.dev-master.de\/wp-content\/uploads\/2021\/07\/Aktivrollstuhl-Airon-schwarz-1.webp\",\"datePublished\":\"2018-03-22T10:28:15+00:00\",\"dateModified\":\"2024-03-21T08:08:00+00:00\",\"description\":\"Find the right wheelchair for your needs now \u2713 Rigid frame wheelchairs from SORG. Always individually adapted.\",\"breadcrumb\":{\"@id\":\"https:\/\/devsorg.dev-master.de\/en\/rigid-wheelchairs\/#breadcrumb\"},\"inLanguage\":\"en-US\",\"potentialAction\":[{\"@type\":\"ReadAction\",\"target\":[\"https:\/\/devsorg.dev-master.de\/en\/rigid-wheelchairs\/\"]}]},{\"@type\":\"ImageObject\",\"inLanguage\":\"en-US\",\"@id\":\"https:\/\/devsorg.dev-master.de\/en\/rigid-wheelchairs\/#primaryimage\",\"url\":\"https:\/\/devsorg.dev-master.de\/wp-content\/uploads\/2021\/07\/Aktivrollstuhl-Airon-schwarz-1.webp\",\"contentUrl\":\"https:\/\/devsorg.dev-master.de\/wp-content\/uploads\/2021\/07\/Aktivrollstuhl-Airon-schwarz-1.webp\",\"width\":600,\"height\":600,\"caption\":\"ein Aktivrollstuhl f\u00fcr Jugendliche und Erwachsene\"},{\"@type\":\"BreadcrumbList\",\"@id\":\"https:\/\/devsorg.dev-master.de\/en\/rigid-wheelchairs\/#breadcrumb\",\"itemListElement\":[{\"@type\":\"ListItem\",\"position\":1,\"name\":\"Startseite\",\"item\":\"https:\/\/devsorg.dev-master.de\/en\/\"},{\"@type\":\"ListItem\",\"position\":2,\"name\":\"Rigid wheelchairs\"}]},{\"@type\":\"WebSite\",\"@id\":\"https:\/\/devsorg.dev-master.de\/en\/#website\",\"url\":\"https:\/\/devsorg.dev-master.de\/en\/\",\"name\":\"SORG Rollstuhltechnik\",\"description\":\"Rollst\u00fchle f\u00fcr Kinder, Jugendliche und Erwachsene\",\"publisher\":{\"@id\":\"https:\/\/devsorg.dev-master.de\/en\/#organization\"},\"potentialAction\":[{\"@type\":\"SearchAction\",\"target\":{\"@type\":\"EntryPoint\",\"urlTemplate\":\"https:\/\/devsorg.dev-master.de\/en\/?s={search_term_string}\"},\"query-input\":{\"@type\":\"PropertyValueSpecification\",\"valueRequired\":true,\"valueName\":\"search_term_string\"}}],\"inLanguage\":\"en-US\"},{\"@type\":\"Organization\",\"@id\":\"https:\/\/devsorg.dev-master.de\/en\/#organization\",\"name\":\"SORG Rollstuhltechnik\",\"url\":\"https:\/\/devsorg.dev-master.de\/en\/\",\"logo\":{\"@type\":\"ImageObject\",\"inLanguage\":\"en-US\",\"@id\":\"https:\/\/devsorg.dev-master.de\/en\/#\/schema\/logo\/image\/\",\"url\":\"https:\/\/devsorg.dev-master.de\/wp-content\/uploads\/2017\/04\/logo.png\",\"contentUrl\":\"https:\/\/devsorg.dev-master.de\/wp-content\/uploads\/2017\/04\/logo.png\",\"width\":219,\"height\":120,\"caption\":\"SORG Rollstuhltechnik\"},\"image\":{\"@id\":\"https:\/\/devsorg.dev-master.de\/en\/#\/schema\/logo\/image\/\"},\"sameAs\":[\"https:\/\/www.facebook.com\/sorgrollstuhltechnik\",\"https:\/\/www.youtube.com\/channel\/UCmVDJy2HskBy-cP5TGe5-nA\"]}]}<\/script>\n<!-- \/ Yoast SEO Premium plugin. -->","yoast_head_json":{"title":"Rigid wheelchairs for children, adolescents & adults","description":"Find the right wheelchair for your needs now \u2713 Rigid frame wheelchairs from SORG. Always individually adapted.","robots":{"index":"noindex","follow":"follow","max-snippet":"max-snippet:-1","max-image-preview":"max-image-preview:large","max-video-preview":"max-video-preview:-1"},"og_locale":"en_US","og_type":"article","og_title":"Rigid wheelchairs","og_description":"Find the right wheelchair for your needs now \u2713 Rigid frame wheelchairs from SORG. Always individually adapted.","og_url":"https:\/\/devsorg.dev-master.de\/en\/rigid-wheelchairs\/","og_site_name":"SORG Rollstuhltechnik","article_publisher":"https:\/\/www.facebook.com\/sorgrollstuhltechnik","article_modified_time":"2024-03-21T08:08:00+00:00","og_image":[{"width":600,"height":600,"url":"https:\/\/devsorg.dev-master.de\/wp-content\/uploads\/2021\/07\/Aktivrollstuhl-Airon-schwarz-1.webp","type":"image\/webp"}],"twitter_misc":{"Est. reading time":"14 minutes"},"schema":{"@context":"https:\/\/schema.org","@graph":[{"@type":"WebPage","@id":"https:\/\/devsorg.dev-master.de\/en\/rigid-wheelchairs\/","url":"https:\/\/devsorg.dev-master.de\/en\/rigid-wheelchairs\/","name":"Rigid wheelchairs for children, adolescents & adults","isPartOf":{"@id":"https:\/\/devsorg.dev-master.de\/en\/#website"},"primaryImageOfPage":{"@id":"https:\/\/devsorg.dev-master.de\/en\/rigid-wheelchairs\/#primaryimage"},"image":{"@id":"https:\/\/devsorg.dev-master.de\/en\/rigid-wheelchairs\/#primaryimage"},"thumbnailUrl":"https:\/\/devsorg.dev-master.de\/wp-content\/uploads\/2021\/07\/Aktivrollstuhl-Airon-schwarz-1.webp","datePublished":"2018-03-22T10:28:15+00:00","dateModified":"2024-03-21T08:08:00+00:00","description":"Find the right wheelchair for your needs now \u2713 Rigid frame wheelchairs from SORG. Always individually adapted.","breadcrumb":{"@id":"https:\/\/devsorg.dev-master.de\/en\/rigid-wheelchairs\/#breadcrumb"},"inLanguage":"en-US","potentialAction":[{"@type":"ReadAction","target":["https:\/\/devsorg.dev-master.de\/en\/rigid-wheelchairs\/"]}]},{"@type":"ImageObject","inLanguage":"en-US","@id":"https:\/\/devsorg.dev-master.de\/en\/rigid-wheelchairs\/#primaryimage","url":"https:\/\/devsorg.dev-master.de\/wp-content\/uploads\/2021\/07\/Aktivrollstuhl-Airon-schwarz-1.webp","contentUrl":"https:\/\/devsorg.dev-master.de\/wp-content\/uploads\/2021\/07\/Aktivrollstuhl-Airon-schwarz-1.webp","width":600,"height":600,"caption":"ein Aktivrollstuhl f\u00fcr Jugendliche und Erwachsene"},{"@type":"BreadcrumbList","@id":"https:\/\/devsorg.dev-master.de\/en\/rigid-wheelchairs\/#breadcrumb","itemListElement":[{"@type":"ListItem","position":1,"name":"Startseite","item":"https:\/\/devsorg.dev-master.de\/en\/"},{"@type":"ListItem","position":2,"name":"Rigid wheelchairs"}]},{"@type":"WebSite","@id":"https:\/\/devsorg.dev-master.de\/en\/#website","url":"https:\/\/devsorg.dev-master.de\/en\/","name":"SORG Rollstuhltechnik","description":"Rollst\u00fchle f\u00fcr Kinder, Jugendliche und Erwachsene","publisher":{"@id":"https:\/\/devsorg.dev-master.de\/en\/#organization"},"potentialAction":[{"@type":"SearchAction","target":{"@type":"EntryPoint","urlTemplate":"https:\/\/devsorg.dev-master.de\/en\/?s={search_term_string}"},"query-input":{"@type":"PropertyValueSpecification","valueRequired":true,"valueName":"search_term_string"}}],"inLanguage":"en-US"},{"@type":"Organization","@id":"https:\/\/devsorg.dev-master.de\/en\/#organization","name":"SORG Rollstuhltechnik","url":"https:\/\/devsorg.dev-master.de\/en\/","logo":{"@type":"ImageObject","inLanguage":"en-US","@id":"https:\/\/devsorg.dev-master.de\/en\/#\/schema\/logo\/image\/","url":"https:\/\/devsorg.dev-master.de\/wp-content\/uploads\/2017\/04\/logo.png","contentUrl":"https:\/\/devsorg.dev-master.de\/wp-content\/uploads\/2017\/04\/logo.png","width":219,"height":120,"caption":"SORG Rollstuhltechnik"},"image":{"@id":"https:\/\/devsorg.dev-master.de\/en\/#\/schema\/logo\/image\/"},"sameAs":["https:\/\/www.facebook.com\/sorgrollstuhltechnik","https:\/\/www.youtube.com\/channel\/UCmVDJy2HskBy-cP5TGe5-nA"]}]}},"_links":{"self":[{"href":"https:\/\/devsorg.dev-master.de\/en\/wp-json\/wp\/v2\/pages\/20728","targetHints":{"allow":["GET"]}}],"collection":[{"href":"https:\/\/devsorg.dev-master.de\/en\/wp-json\/wp\/v2\/pages"}],"about":[{"href":"https:\/\/devsorg.dev-master.de\/en\/wp-json\/wp\/v2\/types\/page"}],"author":[{"embeddable":true,"href":"https:\/\/devsorg.dev-master.de\/en\/wp-json\/wp\/v2\/users\/7"}],"replies":[{"embeddable":true,"href":"https:\/\/devsorg.dev-master.de\/en\/wp-json\/wp\/v2\/comments?post=20728"}],"version-history":[{"count":2,"href":"https:\/\/devsorg.dev-master.de\/en\/wp-json\/wp\/v2\/pages\/20728\/revisions"}],"predecessor-version":[{"id":30140,"href":"https:\/\/devsorg.dev-master.de\/en\/wp-json\/wp\/v2\/pages\/20728\/revisions\/30140"}],"wp:featuredmedia":[{"embeddable":true,"href":"https:\/\/devsorg.dev-master.de\/en\/wp-json\/wp\/v2\/media\/29526"}],"wp:attachment":[{"href":"https:\/\/devsorg.dev-master.de\/en\/wp-json\/wp\/v2\/media?parent=20728"}],"wp:term":[{"taxonomy":"iststory","embeddable":true,"href":"https:\/\/devsorg.dev-master.de\/en\/wp-json\/wp\/v2\/iststory?post=20728"}],"curies":[{"name":"wp","href":"https:\/\/api.w.org\/{rel}","templated":true}]}}